{"id":2008,"date":"2019-12-19T07:52:43","date_gmt":"2019-12-19T12:52:43","guid":{"rendered":"https:\/\/www.danper.ml\/?page_id=2008"},"modified":"2020-05-14T08:10:28","modified_gmt":"2020-05-14T13:10:28","slug":"innovacion","status":"publish","type":"page","link":"https:\/\/danper.com\/en\/know-us\/innovacion\/","title":{"rendered":"Innovation"},"content":{"rendered":"<p>We contribute to the world\u2019s food security, through natural resource optimization; production of new, more nutritious and functional foods; and packaging innovation, in order to have safe food available for the longest amount of time.<\/p>\n<p>To preserve its leadership and position as a benchmark in Peruvian agribusiness, Danper has research, development and innovation (RDI) as key and strategic activities. Our RDI area is supported by two key pillars.<\/p>\n\n\n<p> Danper, como l\u00edder y referente en la Agroindustria Peruana, tiene como actividades claves y estrat\u00e9gicas a la investigaci\u00f3n, el desarrollo y la innovaci\u00f3n (IDI). Nuestra \u00e1rea de IDI est\u00e1 soportado en 2 pilares claves. <\/p>\n","protected":false},"excerpt":{"rendered":"<p>We contribute to the world\u2019s food security, through natural resource optimization; production of new, more nutritious and functional foods; and packaging innovation, in order to have safe food available for the longest amount of time. To preserve its leadership and position as a benchmark in Peruvian agribusiness, Danper has research, development and innovation (RDI) as [&hellip;]<\/p>\n","protected":false},"author":1,"featured_media":0,"parent":2002,"menu_order":2,"comment_status":"closed","ping_status":"closed","template":"innovacion.php","meta":{"_coblocks_attr":"","_coblocks_dimensions":"","_coblocks_responsive_height":"","_coblocks_accordion_ie_support":"","footnotes":""},"class_list":["post-2008","page","type-page","status-publish","hentry"],"_links":{"self":[{"href":"https:\/\/danper.com\/en\/wp-json\/wp\/v2\/pages\/2008"}],"collection":[{"href":"https:\/\/danper.com\/en\/wp-json\/wp\/v2\/pages"}],"about":[{"href":"https:\/\/danper.com\/en\/wp-json\/wp\/v2\/types\/page"}],"author":[{"embeddable":true,"href":"https:\/\/danper.com\/en\/wp-json\/wp\/v2\/users\/1"}],"replies":[{"embeddable":true,"href":"https:\/\/danper.com\/en\/wp-json\/wp\/v2\/comments?post=2008"}],"version-history":[{"count":6,"href":"https:\/\/danper.com\/en\/wp-json\/wp\/v2\/pages\/2008\/revisions"}],"predecessor-version":[{"id":3069,"href":"https:\/\/danper.com\/en\/wp-json\/wp\/v2\/pages\/2008\/revisions\/3069"}],"up":[{"embeddable":true,"href":"https:\/\/danper.com\/en\/wp-json\/wp\/v2\/pages\/2002"}],"wp:attachment":[{"href":"https:\/\/danper.com\/en\/wp-json\/wp\/v2\/media?parent=2008"}],"curies":[{"name":"wp","href":"https:\/\/api.w.org\/{rel}","templated":true}]}}