{"id":2558,"date":"2019-12-12T16:05:01","date_gmt":"2019-12-12T21:05:01","guid":{"rendered":"https:\/\/www.danper.ml\/sostenibilidad\/compromiso-social\/slider-3\/proyecto-victoria\/"},"modified":"2020-01-02T12:55:27","modified_gmt":"2020-01-02T17:55:27","slug":"proyecto-victoria","status":"publish","type":"page","link":"https:\/\/danper.com\/en\/sostenibilidad\/compromiso-social\/slider-3\/proyecto-victoria\/","title":{"rendered":"Proyecto Victoria"},"content":{"rendered":"<p>Tiene como objetivo modificar conductas y transformar mentalidades de mujeres y hombres frente a comportamientos que incitan las diferencias de g\u00e9nero.<\/p>\n<p>Este Programa Comprende; Transferimos conocimientos en temas de equidad y violencia de g\u00e9nero con la finalidad de concientizarlos sobre las brechas que a\u00fan existen, Desarrollamos actitudes y habilidades a trav\u00e9s de iniciativas que contribuyan a su desarrollo personal fortaleciendo su disciplina, tolerancia y liderazgo, Autoempoderamos forjando agentes de acci\u00f3n para lograr la sostenibilidad del proyecto.<\/p>\n","protected":false},"excerpt":{"rendered":"<p>Tiene como objetivo modificar conductas y transformar mentalidades de mujeres y hombres frente a comportamientos que incitan las diferencias de g\u00e9nero. Este Programa Comprende; Transferimos conocimientos en temas de equidad y violencia de g\u00e9nero con la finalidad de concientizarlos sobre las brechas que a\u00fan existen, Desarrollamos actitudes y habilidades a trav\u00e9s de iniciativas que contribuyan [&hellip;]<\/p>\n","protected":false},"author":3,"featured_media":1552,"parent":2182,"menu_order":3,"comment_status":"closed","ping_status":"closed","template":"","meta":{"_coblocks_attr":"","_coblocks_dimensions":"","_coblocks_responsive_height":"","_coblocks_accordion_ie_support":"","footnotes":""},"class_list":["post-2558","page","type-page","status-publish","has-post-thumbnail","hentry"],"_links":{"self":[{"href":"https:\/\/danper.com\/en\/wp-json\/wp\/v2\/pages\/2558"}],"collection":[{"href":"https:\/\/danper.com\/en\/wp-json\/wp\/v2\/pages"}],"about":[{"href":"https:\/\/danper.com\/en\/wp-json\/wp\/v2\/types\/page"}],"author":[{"embeddable":true,"href":"https:\/\/danper.com\/en\/wp-json\/wp\/v2\/users\/3"}],"replies":[{"embeddable":true,"href":"https:\/\/danper.com\/en\/wp-json\/wp\/v2\/comments?post=2558"}],"version-history":[{"count":1,"href":"https:\/\/danper.com\/en\/wp-json\/wp\/v2\/pages\/2558\/revisions"}],"predecessor-version":[{"id":2559,"href":"https:\/\/danper.com\/en\/wp-json\/wp\/v2\/pages\/2558\/revisions\/2559"}],"up":[{"embeddable":true,"href":"https:\/\/danper.com\/en\/wp-json\/wp\/v2\/pages\/2182"}],"wp:featuredmedia":[{"embeddable":true,"href":"https:\/\/danper.com\/en\/wp-json\/wp\/v2\/media\/1552"}],"wp:attachment":[{"href":"https:\/\/danper.com\/en\/wp-json\/wp\/v2\/media?parent=2558"}],"curies":[{"name":"wp","href":"https:\/\/api.w.org\/{rel}","templated":true}]}}