{"id":2586,"date":"2019-11-28T18:37:56","date_gmt":"2019-11-28T23:37:56","guid":{"rendered":"https:\/\/www.danper.ml\/sostenibilidad\/compromiso-ambiental\/slider-1\/corredores-biologicos\/"},"modified":"2020-01-02T14:24:56","modified_gmt":"2020-01-02T19:24:56","slug":"corredores-biologicos","status":"publish","type":"page","link":"https:\/\/danper.com\/en\/sostenibilidad\/compromiso-ambiental\/slider-1\/corredores-biologicos\/","title":{"rendered":"Corredores biol\u00f3gicos"},"content":{"rendered":"\n<p>Es una barrera natural en la prevenci\u00f3n de plagas en nuestros cultivos. El corredor biol\u00f3gico permite detener y controlar el avance de plagas desviando su atenci\u00f3n a este tipo de vegetales protegiendo los sembr\u00edos sin utilizar plaguicidas.<\/p>\n","protected":false},"excerpt":{"rendered":"<p>Es una barrera natural en la prevenci\u00f3n de plagas en nuestros cultivos. El corredor biol\u00f3gico permite detener y controlar el avance de plagas desviando su atenci\u00f3n a este tipo de vegetales protegiendo los sembr\u00edos sin utilizar plaguicidas.<\/p>\n","protected":false},"author":3,"featured_media":1152,"parent":2185,"menu_order":6,"comment_status":"closed","ping_status":"closed","template":"","meta":{"_coblocks_attr":"","_coblocks_dimensions":"","_coblocks_responsive_height":"","_coblocks_accordion_ie_support":"","footnotes":""},"class_list":["post-2586","page","type-page","status-publish","has-post-thumbnail","hentry"],"_links":{"self":[{"href":"https:\/\/danper.com\/en\/wp-json\/wp\/v2\/pages\/2586"}],"collection":[{"href":"https:\/\/danper.com\/en\/wp-json\/wp\/v2\/pages"}],"about":[{"href":"https:\/\/danper.com\/en\/wp-json\/wp\/v2\/types\/page"}],"author":[{"embeddable":true,"href":"https:\/\/danper.com\/en\/wp-json\/wp\/v2\/users\/3"}],"replies":[{"embeddable":true,"href":"https:\/\/danper.com\/en\/wp-json\/wp\/v2\/comments?post=2586"}],"version-history":[{"count":1,"href":"https:\/\/danper.com\/en\/wp-json\/wp\/v2\/pages\/2586\/revisions"}],"predecessor-version":[{"id":2587,"href":"https:\/\/danper.com\/en\/wp-json\/wp\/v2\/pages\/2586\/revisions\/2587"}],"up":[{"embeddable":true,"href":"https:\/\/danper.com\/en\/wp-json\/wp\/v2\/pages\/2185"}],"wp:featuredmedia":[{"embeddable":true,"href":"https:\/\/danper.com\/en\/wp-json\/wp\/v2\/media\/1152"}],"wp:attachment":[{"href":"https:\/\/danper.com\/en\/wp-json\/wp\/v2\/media?parent=2586"}],"curies":[{"name":"wp","href":"https:\/\/api.w.org\/{rel}","templated":true}]}}